{"id":980,"date":"2024-10-20T00:41:20","date_gmt":"2024-10-19T22:41:20","guid":{"rendered":"https:\/\/morfoz.com\/legal-terms\/"},"modified":"2025-04-16T04:33:27","modified_gmt":"2025-04-16T02:33:27","slug":"legal-terms","status":"publish","type":"page","link":"https:\/\/www.morfoz.com\/en\/legal-terms\/","title":{"rendered":"Legal terms"},"content":{"rendered":"\t\t<div data-elementor-type=\"wp-page\" data-elementor-id=\"980\" class=\"elementor elementor-980 elementor-340\" data-elementor-post-type=\"page\">\n\t\t\t\t<div class=\"elementor-element elementor-element-b3a91dd e-flex e-con-boxed e-con e-parent\" data-id=\"b3a91dd\" data-element_type=\"container\" data-e-type=\"container\">\n\t\t\t\t\t<div class=\"e-con-inner\">\n\t\t\t\t<div class=\"elementor-element elementor-element-4b187cc elementor-widget elementor-widget-text-editor\" data-id=\"4b187cc\" data-element_type=\"widget\" data-e-type=\"widget\" data-widget_type=\"text-editor.default\">\n\t\t\t\t<div class=\"elementor-widget-container\">\n\t\t\t\t\t\t\t\t\t<h1 style=\"text-align: center;\">Legal terms<\/h1>\n<h2><strong>Website editor<\/strong><\/h2>\n<p>The <strong>morfoz<\/strong> website is published by <strong>morfoz<\/strong>, a soci\u00e9t\u00e9 par actions simplifi\u00e9e unipersonnelle with share capital of \u20ac1,000, headquartered at <strong>21 rue Pasteur, 72000 Le Mans<\/strong>, France, registered with the <strong>Le Mans Trade and Companies Register<\/strong> under number <strong>953 980 950<\/strong>.<br \/>The legal representative and publication director is <strong>Mr Benjamin Dupuy<\/strong>.<\/p>\n<h2><strong>Website hosting<\/strong><\/h2>\n<p>The <strong>morfoz<\/strong> site is hosted by <strong>Hostinger<\/strong>, whose head office is located at <strong>\u0160vitrigailos str. 34, Vilnius 03230, Lituanie <\/strong>. You can contact them by phone on <strong>+370 645 03378<\/strong> or by email at <strong>domains@hostinger.com<\/strong>. <strong style=\"color: var( --e-global-color-text ); font-family: var( --e-global-typography-text-font-family ), Sans-serif; text-align: var(--text-align); font-size: 1rem;\"><br \/><\/strong><\/p>\n<h2><strong>Intellectual property rights<\/strong><\/h2>\n<p>All content on the <strong>morfoz<\/strong> site (text, images, graphics, logos, videos, icons, sounds, etc.) is protected by copyright and is the exclusive property of <strong>morfoz<\/strong>, unless otherwise stated. Any reproduction, representation, modification, publication, adaptation of all or part of the elements of the site, whatever the means or process used, is forbidden, except with the prior written authorization of <strong>morfoz<\/strong>. <\/p>\n<h2><strong>Data privacy<\/strong><\/h2>\n<p>The information collected on this site is recorded in a file used by Morfoz to manage user requests. It is kept for a period of <strong>3 years<\/strong> from the last contact and is intended for the marketing and sales departments. In accordance with the French Data Protection Act, you may exercise your right to access and rectify your personal data by contacting: <b>contact@morfoz.com.<\/b>  <\/p>\n<h2><strong>Cookies<\/strong><\/h2>\n<p>The <strong>morfoz<\/strong> site uses cookies to improve the user experience and to measure the site&#8217;s audience. You can disable cookies by following your browser&#8217;s instructions. <\/p>\n<h2><strong>Liability<\/strong><\/h2>\n<p><strong>Morfoz<\/strong> makes every effort to provide users with reliable, up-to-date information. However, the company cannot be held responsible for errors, omissions or the unavailability of services or information. <\/p>\n<h2><strong>Contact<\/strong><\/h2>\n<p>For all inquiries, please contact <strong>morfoz<\/strong> by :<\/p>\n<ul>\n<li>Email : contact@morfoz.com<\/li>\n<li>Postal address : 21 rue Pasteur, 72000 Le Mans, France<\/li>\n<\/ul>\n\t\t\t\t\t\t\t\t<\/div>\n\t\t\t\t<\/div>\n\t\t\t\t\t<\/div>\n\t\t\t\t<\/div>\n\t\t\t\t<\/div>\n\t\t","protected":false},"excerpt":{"rendered":"<p>Legal terms Website editor The morfoz website is published by morfoz, a soci\u00e9t\u00e9 par actions simplifi\u00e9e unipersonnelle with share capital of \u20ac1,000, headquartered at 21 rue Pasteur, 72000 Le Mans, France, registered with the Le Mans Trade and Companies Register under number 953 980 950.The legal representative and publication director is Mr Benjamin Dupuy. Website [&hellip;]<\/p>\n","protected":false},"author":1,"featured_media":0,"parent":0,"menu_order":0,"comment_status":"closed","ping_status":"closed","template":"","meta":{"footnotes":""},"class_list":["post-980","page","type-page","status-publish","hentry"],"yoast_head":"<!-- This site is optimized with the Yoast SEO plugin v27.6 - https:\/\/yoast.com\/product\/yoast-seo-wordpress\/ -->\n<title>Legal terms - Morfoz | Agence Web &amp; Cr\u00e9ation de Site Internet Optimis\u00e9 SEO<\/title>\n<meta name=\"robots\" content=\"noindex, nofollow\" \/>\n<meta property=\"og:locale\" content=\"en_US\" \/>\n<meta property=\"og:type\" content=\"article\" \/>\n<meta property=\"og:title\" content=\"Legal terms - Morfoz | Agence Web &amp; Cr\u00e9ation de Site Internet Optimis\u00e9 SEO\" \/>\n<meta property=\"og:description\" content=\"Legal terms Website editor The morfoz website is published by morfoz, a soci\u00e9t\u00e9 par actions simplifi\u00e9e unipersonnelle with share capital of \u20ac1,000, headquartered at 21 rue Pasteur, 72000 Le Mans, France, registered with the Le Mans Trade and Companies Register under number 953 980 950.The legal representative and publication director is Mr Benjamin Dupuy. Website [&hellip;]\" \/>\n<meta property=\"og:url\" content=\"https:\/\/www.morfoz.com\/en\/legal-terms\/\" \/>\n<meta property=\"og:site_name\" content=\"Morfoz | Agence Web &amp; Cr\u00e9ation de Site Internet Optimis\u00e9 SEO\" \/>\n<meta property=\"article:modified_time\" content=\"2025-04-16T02:33:27+00:00\" \/>\n<meta name=\"twitter:card\" content=\"summary_large_image\" \/>\n<meta name=\"twitter:label1\" content=\"Est. reading time\" \/>\n\t<meta name=\"twitter:data1\" content=\"2 minutes\" \/>\n<script type=\"application\/ld+json\" class=\"yoast-schema-graph\">{\"@context\":\"https:\\\/\\\/schema.org\",\"@graph\":[{\"@type\":\"WebPage\",\"@id\":\"https:\\\/\\\/www.morfoz.com\\\/en\\\/legal-terms\\\/\",\"url\":\"https:\\\/\\\/www.morfoz.com\\\/en\\\/legal-terms\\\/\",\"name\":\"Legal terms - Morfoz | Agence Web &amp; Cr\u00e9ation de Site Internet Optimis\u00e9 SEO\",\"isPartOf\":{\"@id\":\"https:\\\/\\\/www.morfoz.com\\\/en\\\/#website\"},\"datePublished\":\"2024-10-19T22:41:20+00:00\",\"dateModified\":\"2025-04-16T02:33:27+00:00\",\"breadcrumb\":{\"@id\":\"https:\\\/\\\/www.morfoz.com\\\/en\\\/legal-terms\\\/#breadcrumb\"},\"inLanguage\":\"en-US\",\"potentialAction\":[{\"@type\":\"ReadAction\",\"target\":[\"https:\\\/\\\/www.morfoz.com\\\/en\\\/legal-terms\\\/\"]}]},{\"@type\":\"BreadcrumbList\",\"@id\":\"https:\\\/\\\/www.morfoz.com\\\/en\\\/legal-terms\\\/#breadcrumb\",\"itemListElement\":[{\"@type\":\"ListItem\",\"position\":1,\"name\":\"Home\",\"item\":\"https:\\\/\\\/www.morfoz.com\\\/en\\\/\"},{\"@type\":\"ListItem\",\"position\":2,\"name\":\"Legal terms\"}]},{\"@type\":\"WebSite\",\"@id\":\"https:\\\/\\\/www.morfoz.com\\\/en\\\/#website\",\"url\":\"https:\\\/\\\/www.morfoz.com\\\/en\\\/\",\"name\":\"Morfoz | Agence Web &amp; Cr\u00e9ation de Site Internet Optimis\u00e9 SEO\",\"description\":\"Adoptez la r\u00e9volution num\u00e9rique\",\"publisher\":{\"@id\":\"https:\\\/\\\/www.morfoz.com\\\/en\\\/#organization\"},\"potentialAction\":[{\"@type\":\"SearchAction\",\"target\":{\"@type\":\"EntryPoint\",\"urlTemplate\":\"https:\\\/\\\/www.morfoz.com\\\/en\\\/?s={search_term_string}\"},\"query-input\":{\"@type\":\"PropertyValueSpecification\",\"valueRequired\":true,\"valueName\":\"search_term_string\"}}],\"inLanguage\":\"en-US\"},{\"@type\":\"Organization\",\"@id\":\"https:\\\/\\\/www.morfoz.com\\\/en\\\/#organization\",\"name\":\"Morfoz | Agence Web &amp; Cr\u00e9ation de Site Internet Optimis\u00e9 SEO\",\"url\":\"https:\\\/\\\/www.morfoz.com\\\/en\\\/\",\"logo\":{\"@type\":\"ImageObject\",\"inLanguage\":\"en-US\",\"@id\":\"https:\\\/\\\/www.morfoz.com\\\/en\\\/#\\\/schema\\\/logo\\\/image\\\/\",\"url\":\"https:\\\/\\\/www.morfoz.com\\\/wp-content\\\/uploads\\\/2024\\\/09\\\/logo_morfoz_nude_black.png\",\"contentUrl\":\"https:\\\/\\\/www.morfoz.com\\\/wp-content\\\/uploads\\\/2024\\\/09\\\/logo_morfoz_nude_black.png\",\"width\":540,\"height\":118,\"caption\":\"Morfoz | Agence Web &amp; Cr\u00e9ation de Site Internet Optimis\u00e9 SEO\"},\"image\":{\"@id\":\"https:\\\/\\\/www.morfoz.com\\\/en\\\/#\\\/schema\\\/logo\\\/image\\\/\"}}]}<\/script>\n<!-- \/ Yoast SEO plugin. -->","yoast_head_json":{"title":"Legal terms - Morfoz | Agence Web &amp; Cr\u00e9ation de Site Internet Optimis\u00e9 SEO","robots":{"index":"noindex","follow":"nofollow"},"og_locale":"en_US","og_type":"article","og_title":"Legal terms - Morfoz | Agence Web &amp; Cr\u00e9ation de Site Internet Optimis\u00e9 SEO","og_description":"Legal terms Website editor The morfoz website is published by morfoz, a soci\u00e9t\u00e9 par actions simplifi\u00e9e unipersonnelle with share capital of \u20ac1,000, headquartered at 21 rue Pasteur, 72000 Le Mans, France, registered with the Le Mans Trade and Companies Register under number 953 980 950.The legal representative and publication director is Mr Benjamin Dupuy. Website [&hellip;]","og_url":"https:\/\/www.morfoz.com\/en\/legal-terms\/","og_site_name":"Morfoz | Agence Web &amp; Cr\u00e9ation de Site Internet Optimis\u00e9 SEO","article_modified_time":"2025-04-16T02:33:27+00:00","twitter_card":"summary_large_image","twitter_misc":{"Est. reading time":"2 minutes"},"schema":{"@context":"https:\/\/schema.org","@graph":[{"@type":"WebPage","@id":"https:\/\/www.morfoz.com\/en\/legal-terms\/","url":"https:\/\/www.morfoz.com\/en\/legal-terms\/","name":"Legal terms - Morfoz | Agence Web &amp; Cr\u00e9ation de Site Internet Optimis\u00e9 SEO","isPartOf":{"@id":"https:\/\/www.morfoz.com\/en\/#website"},"datePublished":"2024-10-19T22:41:20+00:00","dateModified":"2025-04-16T02:33:27+00:00","breadcrumb":{"@id":"https:\/\/www.morfoz.com\/en\/legal-terms\/#breadcrumb"},"inLanguage":"en-US","potentialAction":[{"@type":"ReadAction","target":["https:\/\/www.morfoz.com\/en\/legal-terms\/"]}]},{"@type":"BreadcrumbList","@id":"https:\/\/www.morfoz.com\/en\/legal-terms\/#breadcrumb","itemListElement":[{"@type":"ListItem","position":1,"name":"Home","item":"https:\/\/www.morfoz.com\/en\/"},{"@type":"ListItem","position":2,"name":"Legal terms"}]},{"@type":"WebSite","@id":"https:\/\/www.morfoz.com\/en\/#website","url":"https:\/\/www.morfoz.com\/en\/","name":"Morfoz | Agence Web &amp; Cr\u00e9ation de Site Internet Optimis\u00e9 SEO","description":"Adoptez la r\u00e9volution num\u00e9rique","publisher":{"@id":"https:\/\/www.morfoz.com\/en\/#organization"},"potentialAction":[{"@type":"SearchAction","target":{"@type":"EntryPoint","urlTemplate":"https:\/\/www.morfoz.com\/en\/?s={search_term_string}"},"query-input":{"@type":"PropertyValueSpecification","valueRequired":true,"valueName":"search_term_string"}}],"inLanguage":"en-US"},{"@type":"Organization","@id":"https:\/\/www.morfoz.com\/en\/#organization","name":"Morfoz | Agence Web &amp; Cr\u00e9ation de Site Internet Optimis\u00e9 SEO","url":"https:\/\/www.morfoz.com\/en\/","logo":{"@type":"ImageObject","inLanguage":"en-US","@id":"https:\/\/www.morfoz.com\/en\/#\/schema\/logo\/image\/","url":"https:\/\/www.morfoz.com\/wp-content\/uploads\/2024\/09\/logo_morfoz_nude_black.png","contentUrl":"https:\/\/www.morfoz.com\/wp-content\/uploads\/2024\/09\/logo_morfoz_nude_black.png","width":540,"height":118,"caption":"Morfoz | Agence Web &amp; Cr\u00e9ation de Site Internet Optimis\u00e9 SEO"},"image":{"@id":"https:\/\/www.morfoz.com\/en\/#\/schema\/logo\/image\/"}}]}},"_links":{"self":[{"href":"https:\/\/www.morfoz.com\/en\/wp-json\/wp\/v2\/pages\/980","targetHints":{"allow":["GET"]}}],"collection":[{"href":"https:\/\/www.morfoz.com\/en\/wp-json\/wp\/v2\/pages"}],"about":[{"href":"https:\/\/www.morfoz.com\/en\/wp-json\/wp\/v2\/types\/page"}],"author":[{"embeddable":true,"href":"https:\/\/www.morfoz.com\/en\/wp-json\/wp\/v2\/users\/1"}],"replies":[{"embeddable":true,"href":"https:\/\/www.morfoz.com\/en\/wp-json\/wp\/v2\/comments?post=980"}],"version-history":[{"count":4,"href":"https:\/\/www.morfoz.com\/en\/wp-json\/wp\/v2\/pages\/980\/revisions"}],"predecessor-version":[{"id":1433,"href":"https:\/\/www.morfoz.com\/en\/wp-json\/wp\/v2\/pages\/980\/revisions\/1433"}],"wp:attachment":[{"href":"https:\/\/www.morfoz.com\/en\/wp-json\/wp\/v2\/media?parent=980"}],"curies":[{"name":"wp","href":"https:\/\/api.w.org\/{rel}","templated":true}]}}